{"id":1245,"date":"2023-07-30T10:32:50","date_gmt":"2023-07-30T10:32:50","guid":{"rendered":"https:\/\/ttaskiran.com\/?page_id=1245"},"modified":"2023-07-30T10:32:50","modified_gmt":"2023-07-30T10:32:50","slug":"tt-marketing","status":"publish","type":"page","link":"https:\/\/ttaskiran.com\/en\/tt-marketing\/","title":{"rendered":"TT Marketing"},"content":{"rendered":"","protected":false},"excerpt":{"rendered":"","protected":false},"author":1,"featured_media":0,"parent":0,"menu_order":0,"comment_status":"closed","ping_status":"closed","template":"","meta":{"_uag_custom_page_level_css":"","site-sidebar-layout":"default","site-content-layout":"default","ast-global-header-display":"","ast-banner-title-visibility":"","ast-main-header-display":"","ast-hfb-above-header-display":"","ast-hfb-below-header-display":"","ast-hfb-mobile-header-display":"","site-post-title":"","ast-breadcrumbs-content":"","ast-featured-img":"","footer-sml-layout":"","theme-transparent-header-meta":"","adv-header-id-meta":"","stick-header-meta":"","header-above-stick-meta":"","header-main-stick-meta":"","header-below-stick-meta":""},"yoast_head":"<!-- This site is optimized with the Yoast SEO plugin v20.10 - https:\/\/yoast.com\/wordpress\/plugins\/seo\/ -->\n<title>TT Marketing - TT design<\/title>\n<meta name=\"robots\" content=\"index, follow, max-snippet:-1, max-image-preview:large, max-video-preview:-1\" \/>\n<link rel=\"canonical\" href=\"https:\/\/ttaskiran.com\/en\/tt-marketing\/\" \/>\n<meta property=\"og:locale\" content=\"en_US\" \/>\n<meta property=\"og:type\" content=\"article\" \/>\n<meta property=\"og:title\" content=\"TT Marketing - TT design\" \/>\n<meta property=\"og:url\" content=\"https:\/\/ttaskiran.com\/en\/tt-marketing\/\" \/>\n<meta property=\"og:site_name\" content=\"TT design\" \/>\n<meta name=\"twitter:card\" content=\"summary_large_image\" \/>\n<script type=\"application\/ld+json\" class=\"yoast-schema-graph\">{\"@context\":\"https:\/\/schema.org\",\"@graph\":[{\"@type\":\"WebPage\",\"@id\":\"https:\/\/ttaskiran.com\/tt-marketing\/\",\"url\":\"https:\/\/ttaskiran.com\/tt-marketing\/\",\"name\":\"TT Marketing - TT design\",\"isPartOf\":{\"@id\":\"https:\/\/ttaskiran.com\/#website\"},\"datePublished\":\"2023-07-30T10:32:50+00:00\",\"dateModified\":\"2023-07-30T10:32:50+00:00\",\"breadcrumb\":{\"@id\":\"https:\/\/ttaskiran.com\/tt-marketing\/#breadcrumb\"},\"inLanguage\":\"en-US\",\"potentialAction\":[{\"@type\":\"ReadAction\",\"target\":[\"https:\/\/ttaskiran.com\/tt-marketing\/\"]}]},{\"@type\":\"BreadcrumbList\",\"@id\":\"https:\/\/ttaskiran.com\/tt-marketing\/#breadcrumb\",\"itemListElement\":[{\"@type\":\"ListItem\",\"position\":1,\"name\":\"Anasayfa\",\"item\":\"https:\/\/ttaskiran.com\/\"},{\"@type\":\"ListItem\",\"position\":2,\"name\":\"TT Marketing\"}]},{\"@type\":\"WebSite\",\"@id\":\"https:\/\/ttaskiran.com\/#website\",\"url\":\"https:\/\/ttaskiran.com\/\",\"name\":\"TT design\",\"description\":\"hayallerin biTTi\u011fi yerde, de\u011fi\u015fim ba\u015flar\u2026\",\"publisher\":{\"@id\":\"https:\/\/ttaskiran.com\/#organization\"},\"potentialAction\":[{\"@type\":\"SearchAction\",\"target\":{\"@type\":\"EntryPoint\",\"urlTemplate\":\"https:\/\/ttaskiran.com\/?s={search_term_string}\"},\"query-input\":\"required name=search_term_string\"}],\"inLanguage\":\"en-US\"},{\"@type\":\"Organization\",\"@id\":\"https:\/\/ttaskiran.com\/#organization\",\"name\":\"TT design\",\"url\":\"https:\/\/ttaskiran.com\/\",\"logo\":{\"@type\":\"ImageObject\",\"inLanguage\":\"en-US\",\"@id\":\"https:\/\/ttaskiran.com\/#\/schema\/logo\/image\/\",\"url\":\"https:\/\/ttaskiran.com\/wp-content\/uploads\/2025\/07\/cropped-WhatsApp-Image-2025-07-27-at-20.44.04_01aee1a1-1.jpg\",\"contentUrl\":\"https:\/\/ttaskiran.com\/wp-content\/uploads\/2025\/07\/cropped-WhatsApp-Image-2025-07-27-at-20.44.04_01aee1a1-1.jpg\",\"width\":629,\"height\":271,\"caption\":\"TT design\"},\"image\":{\"@id\":\"https:\/\/ttaskiran.com\/#\/schema\/logo\/image\/\"}}]}<\/script>\n<!-- \/ Yoast SEO plugin. -->","yoast_head_json":{"title":"TT Marketing - TT design","robots":{"index":"index","follow":"follow","max-snippet":"max-snippet:-1","max-image-preview":"max-image-preview:large","max-video-preview":"max-video-preview:-1"},"canonical":"https:\/\/ttaskiran.com\/en\/tt-marketing\/","og_locale":"en_US","og_type":"article","og_title":"TT Marketing - TT design","og_url":"https:\/\/ttaskiran.com\/en\/tt-marketing\/","og_site_name":"TT design","twitter_card":"summary_large_image","schema":{"@context":"https:\/\/schema.org","@graph":[{"@type":"WebPage","@id":"https:\/\/ttaskiran.com\/tt-marketing\/","url":"https:\/\/ttaskiran.com\/tt-marketing\/","name":"TT Marketing - TT design","isPartOf":{"@id":"https:\/\/ttaskiran.com\/#website"},"datePublished":"2023-07-30T10:32:50+00:00","dateModified":"2023-07-30T10:32:50+00:00","breadcrumb":{"@id":"https:\/\/ttaskiran.com\/tt-marketing\/#breadcrumb"},"inLanguage":"en-US","potentialAction":[{"@type":"ReadAction","target":["https:\/\/ttaskiran.com\/tt-marketing\/"]}]},{"@type":"BreadcrumbList","@id":"https:\/\/ttaskiran.com\/tt-marketing\/#breadcrumb","itemListElement":[{"@type":"ListItem","position":1,"name":"Anasayfa","item":"https:\/\/ttaskiran.com\/"},{"@type":"ListItem","position":2,"name":"TT Marketing"}]},{"@type":"WebSite","@id":"https:\/\/ttaskiran.com\/#website","url":"https:\/\/ttaskiran.com\/","name":"TT design","description":"hayallerin biTTi\u011fi yerde, de\u011fi\u015fim ba\u015flar\u2026","publisher":{"@id":"https:\/\/ttaskiran.com\/#organization"},"potentialAction":[{"@type":"SearchAction","target":{"@type":"EntryPoint","urlTemplate":"https:\/\/ttaskiran.com\/?s={search_term_string}"},"query-input":"required name=search_term_string"}],"inLanguage":"en-US"},{"@type":"Organization","@id":"https:\/\/ttaskiran.com\/#organization","name":"TT design","url":"https:\/\/ttaskiran.com\/","logo":{"@type":"ImageObject","inLanguage":"en-US","@id":"https:\/\/ttaskiran.com\/#\/schema\/logo\/image\/","url":"https:\/\/ttaskiran.com\/wp-content\/uploads\/2025\/07\/cropped-WhatsApp-Image-2025-07-27-at-20.44.04_01aee1a1-1.jpg","contentUrl":"https:\/\/ttaskiran.com\/wp-content\/uploads\/2025\/07\/cropped-WhatsApp-Image-2025-07-27-at-20.44.04_01aee1a1-1.jpg","width":629,"height":271,"caption":"TT design"},"image":{"@id":"https:\/\/ttaskiran.com\/#\/schema\/logo\/image\/"}}]}},"uagb_featured_image_src":{"full":false,"thumbnail":false,"medium":false,"medium_large":false,"large":false,"1536x1536":false,"2048x2048":false,"trp-custom-language-flag":false},"uagb_author_info":{"display_name":"atytmr07","author_link":"https:\/\/ttaskiran.com\/en\/author\/atytmr07\/"},"uagb_comment_info":0,"uagb_excerpt":null,"_links":{"self":[{"href":"https:\/\/ttaskiran.com\/en\/wp-json\/wp\/v2\/pages\/1245"}],"collection":[{"href":"https:\/\/ttaskiran.com\/en\/wp-json\/wp\/v2\/pages"}],"about":[{"href":"https:\/\/ttaskiran.com\/en\/wp-json\/wp\/v2\/types\/page"}],"author":[{"embeddable":true,"href":"https:\/\/ttaskiran.com\/en\/wp-json\/wp\/v2\/users\/1"}],"replies":[{"embeddable":true,"href":"https:\/\/ttaskiran.com\/en\/wp-json\/wp\/v2\/comments?post=1245"}],"version-history":[{"count":1,"href":"https:\/\/ttaskiran.com\/en\/wp-json\/wp\/v2\/pages\/1245\/revisions"}],"predecessor-version":[{"id":1248,"href":"https:\/\/ttaskiran.com\/en\/wp-json\/wp\/v2\/pages\/1245\/revisions\/1248"}],"wp:attachment":[{"href":"https:\/\/ttaskiran.com\/en\/wp-json\/wp\/v2\/media?parent=1245"}],"curies":[{"name":"wp","href":"https:\/\/api.w.org\/{rel}","templated":true}]}}