{"id":69,"date":"2023-07-30T08:54:13","date_gmt":"2023-07-30T08:54:13","guid":{"rendered":"https:\/\/ttaskiran.com\/home\/"},"modified":"2025-05-18T11:15:30","modified_gmt":"2025-05-18T11:15:30","slug":"anasayfa","status":"publish","type":"page","link":"https:\/\/ttaskiran.com\/en\/","title":{"rendered":"Anasayfa"},"content":{"rendered":"<div class=\"wp-block-uagb-container uagb-block-9e5d6110 alignfull uagb-is-root-container\"><div class=\"uagb-container-inner-blocks-wrap\">\n<div class=\"wp-block-uagb-image aligncenter uagb-block-2655ef61 wp-block-uagb-image--layout-default wp-block-uagb-image--effect-zoomin wp-block-uagb-image--align-center\"><figure class=\"wp-block-uagb-image__figure\"><img decoding=\"async\" srcset=\"https:\/\/ttaskiran.com\/wp-content\/uploads\/2023\/07\/resim_2023-07-09_134732660-1024x682.png ,https:\/\/ttaskiran.com\/wp-content\/uploads\/2023\/07\/resim_2023-07-09_134732660-1024x682.png 780w, https:\/\/ttaskiran.com\/wp-content\/uploads\/2023\/07\/resim_2023-07-09_134732660-1024x682.png 360w\" sizes=\"(max-width: 480px) 150px\" src=\"https:\/\/ttaskiran.com\/wp-content\/uploads\/2023\/07\/resim_2023-07-09_134732660-1024x682.png\" alt=\"\" class=\"uag-image-945\" width=\"1024\" height=\"682\" title=\"\" loading=\"lazy\"\/><\/figure><\/div>\n<\/div><\/div>\n\n\n\n<div class=\"wp-block-uagb-container uagb-block-db4bd03d alignfull uagb-is-root-container\"><div class=\"uagb-container-inner-blocks-wrap\">\n<div class=\"wp-block-uagb-info-box uagb-block-1eb4f4e7 uagb-infobox__content-wrap  uagb-infobox-icon-above-title uagb-infobox-image-valign-top\"><div class=\"uagb-ifb-content\"><div class=\"uagb-ifb-title-wrap\"><h2 class=\"uagb-ifb-title\">Art in Every Detail, <mark style=\"background-color:rgba(0, 0, 0, 0)\" class=\"has-inline-color has-ast-global-color-1-color\"><strong>TT<\/strong><\/mark> Design in Every Line<\/h2><\/div><p class=\"uagb-ifb-desc\"><br><br><\/p><\/div><\/div>\n<\/div><\/div>\n\n\n\n<div class=\"wp-block-uagb-container uagb-block-9fc71f52 alignfull uagb-is-root-container\"><div class=\"uagb-container__shape uagb-container__shape-top\"><svg xmlns=\"https:\/\/www.w3.org\/2000\/svg\" viewbox=\"0 0 1000 100\" preserveaspectratio=\"none\"><path class=\"uagb-container__shape-fill\" opacity=\"0.33\" d=\"M473,67.3c-203.9,88.3-263.1-34-320.3,0C66,119.1,0,59.7,0,59.7V0h1000v59.7 c0,0-62.1,26.1-94.9,29.3c-32.8,3.3-62.8-12.3-75.8-22.1C806,49.6,745.3,8.7,694.9,4.7S492.4,59,473,67.3z\"><\/path><path class=\"uagb-container__shape-fill\" opacity=\"0.66\" d=\"M734,67.3c-45.5,0-77.2-23.2-129.1-39.1c-28.6-8.7-150.3-10.1-254,39.1 s-91.7-34.4-149.2,0C115.7,118.3,0,39.8,0,39.8V0h1000v36.5c0,0-28.2-18.5-92.1-18.5C810.2,18.1,775.7,67.3,734,67.3z\"><\/path><path class=\"uagb-container__shape-fill\" d=\"M766.1,28.9c-200-57.5-266,65.5-395.1,19.5C242,1.8,242,5.4,184.8,20.6C128,35.8,132.3,44.9,89.9,52.5C28.6,63.7,0,0,0,0 h1000c0,0-9.9,40.9-83.6,48.1S829.6,47,766.1,28.9z\"><\/path><\/svg><\/div><div class=\"uagb-container__shape uagb-container__shape-bottom uagb-container__invert\" data-negative=\"false\"><svg xmlns=\"https:\/\/www.w3.org\/2000\/svg\" viewbox=\"0 0 700 10\" preserveaspectratio=\"none\"><path class=\"uagb-container__shape-fill\" d=\"M350,10L340,0h20L350,10z\"><\/path><\/svg><\/div>\n<div class=\"wp-block-uagb-container uagb-block-32070505\">\n<div class=\"wp-block-uagb-image aligncenter uagb-block-5b8e18ef wp-block-uagb-image--layout-default wp-block-uagb-image--effect-zoomin wp-block-uagb-image--align-center\"><figure class=\"wp-block-uagb-image__figure\"><img decoding=\"async\" srcset=\"https:\/\/ttaskiran.com\/wp-content\/uploads\/2025\/05\/St-Regis-St-Room-Al-1-1024x649.png \" sizes=\"(max-width: 480px) 150px\" src=\"https:\/\/ttaskiran.com\/wp-content\/uploads\/2025\/05\/St-Regis-St-Room-Al-1-1024x649.png\" alt=\"\" class=\"uag-image-1526\" width=\"1024\" height=\"649\" title=\"\" loading=\"lazy\"\/><\/figure><\/div>\n<\/div>\n\n\n\n<div class=\"wp-block-uagb-container uagb-block-0283b76c\">\n<div class=\"wp-block-uagb-container uagb-block-cafa9d5f\">\n<div class=\"wp-block-uagb-advanced-heading uagb-block-cfe74850\"><h3 class=\"uagb-heading-text\"><strong><em>We Make a Difference with Our Workmanship Quality<\/em><\/strong><\/h3><div class=\"uagb-separator\"><\/div><\/div>\n\n\n\n<div class=\"wp-block-uagb-info-box uagb-block-2258ad02 uagb-infobox__content-wrap  uagb-infobox-icon-above-title uagb-infobox-image-valign-top\"><div class=\"uagb-ifb-content\"><div class=\"uagb-ifb-title-wrap\"><\/div><p class=\"uagb-ifb-desc\"> When you work with us, you will be introduced to the meticulous work of our expert team. We meticulously handle every detail in order not to compromise on quality in our solutions for your hotel's renovation and renewal needs. The mastery and dedication of our experienced craftsmen allows you to achieve flawless results in every area of \u200b\u200byour hotel.<\/p><div class=\"uagb-ifb-button-wrapper wp-block-button\"><a href=\"https:\/\/ttaskiran.com\/en\/hizmetlerimiz\/\" class=\"uagb-infobox-cta-link wp-block-button__link\" target=\"_self\" rel=\"noopener noreferrer\" onclick=\"return true;\" alt=\"\"><svg xmlns=\"https:\/\/www.w3.org\/2000\/svg\" viewbox=\"0 0 512 512\"><path d=\"M502.6 278.6l-128 128c-12.51 12.51-32.76 12.49-45.25 0c-12.5-12.5-12.5-32.75 0-45.25L402.8 288H32C14.31 288 0 273.7 0 255.1S14.31 224 32 224h370.8l-73.38-73.38c-12.5-12.5-12.5-32.75 0-45.25s32.75-12.5 45.25 0l128 128C515.1 245.9 515.1 266.1 502.6 278.6z\"><\/path><\/svg><span class=\"uagb-inline-editing\">Learn more<\/span><\/a><\/div><\/div><\/div>\n<\/div>\n<\/div>\n<\/div>\n\n\n\n<div class=\"wp-block-uagb-container uagb-block-5accb07e alignfull uagb-is-root-container\"><div class=\"uagb-container__shape uagb-container__shape-top\"><svg xmlns=\"https:\/\/www.w3.org\/2000\/svg\" viewbox=\"0 0 1000 100\" preserveaspectratio=\"none\"><path class=\"uagb-container__shape-fill\" opacity=\"0.33\" d=\"M473,67.3c-203.9,88.3-263.1-34-320.3,0C66,119.1,0,59.7,0,59.7V0h1000v59.7 c0,0-62.1,26.1-94.9,29.3c-32.8,3.3-62.8-12.3-75.8-22.1C806,49.6,745.3,8.7,694.9,4.7S492.4,59,473,67.3z\"><\/path><path class=\"uagb-container__shape-fill\" opacity=\"0.66\" d=\"M734,67.3c-45.5,0-77.2-23.2-129.1-39.1c-28.6-8.7-150.3-10.1-254,39.1 s-91.7-34.4-149.2,0C115.7,118.3,0,39.8,0,39.8V0h1000v36.5c0,0-28.2-18.5-92.1-18.5C810.2,18.1,775.7,67.3,734,67.3z\"><\/path><path class=\"uagb-container__shape-fill\" d=\"M766.1,28.9c-200-57.5-266,65.5-395.1,19.5C242,1.8,242,5.4,184.8,20.6C128,35.8,132.3,44.9,89.9,52.5C28.6,63.7,0,0,0,0 h1000c0,0-9.9,40.9-83.6,48.1S829.6,47,766.1,28.9z\"><\/path><\/svg><\/div><div class=\"uagb-container__shape uagb-container__shape-bottom uagb-container__invert\" data-negative=\"false\"><svg xmlns=\"https:\/\/www.w3.org\/2000\/svg\" viewbox=\"0 0 700 10\" preserveaspectratio=\"none\"><path class=\"uagb-container__shape-fill\" d=\"M350,10L340,0h20L350,10z\"><\/path><\/svg><\/div>\n<div class=\"wp-block-uagb-container uagb-block-dd26e799\">\n<div class=\"wp-block-uagb-container uagb-block-05d7b370\">\n<div class=\"wp-block-uagb-advanced-heading uagb-block-88b2cba8\"><h3 class=\"uagb-heading-text\"><strong><em>Customer Satisfaction Focused Approach<\/em><\/strong><\/h3><div class=\"uagb-separator\"><\/div><\/div>\n\n\n\n<div class=\"wp-block-uagb-info-box uagb-block-925305d5 uagb-infobox__content-wrap  uagb-infobox-icon-above-title uagb-infobox-image-valign-top\"><div class=\"uagb-ifb-content\"><div class=\"uagb-ifb-title-wrap\"><\/div><p class=\"uagb-ifb-desc\">Customer satisfaction is at the core of our business. In every project, we adopt a working principle based on cooperation and transparency. We strive to understand your goals and meet your expectations. In order to ensure your customer satisfaction, we offer on-time delivery, competitive prices and high quality service.<\/p><div class=\"uagb-ifb-button-wrapper wp-block-button\"><a href=\"https:\/\/ttaskiran.com\/en\/hizmetlerimiz\/\" class=\"uagb-infobox-cta-link wp-block-button__link\" target=\"_self\" rel=\"noopener noreferrer\" onclick=\"return true;\" alt=\"\"><svg xmlns=\"https:\/\/www.w3.org\/2000\/svg\" viewbox=\"0 0 512 512\"><path d=\"M502.6 278.6l-128 128c-12.51 12.51-32.76 12.49-45.25 0c-12.5-12.5-12.5-32.75 0-45.25L402.8 288H32C14.31 288 0 273.7 0 255.1S14.31 224 32 224h370.8l-73.38-73.38c-12.5-12.5-12.5-32.75 0-45.25s32.75-12.5 45.25 0l128 128C515.1 245.9 515.1 266.1 502.6 278.6z\"><\/path><\/svg><span class=\"uagb-inline-editing\">Learn more<\/span><\/a><\/div><\/div><\/div>\n<\/div>\n<\/div>\n\n\n\n<div class=\"wp-block-uagb-container uagb-block-6a5ea5e1\">\n<div class=\"wp-block-uagb-image uagb-block-ef8f2d5c wp-block-uagb-image--layout-default wp-block-uagb-image--effect-zoomin wp-block-uagb-image--align-none\"><figure class=\"wp-block-uagb-image__figure\"><img decoding=\"async\" srcset=\"https:\/\/ttaskiran.com\/wp-content\/uploads\/2023\/07\/resim_2023-07-09_135531728-1024x797.png \" sizes=\"(max-width: 480px) 150px\" src=\"https:\/\/ttaskiran.com\/wp-content\/uploads\/2023\/07\/resim_2023-07-09_135531728-1024x797.png\" alt=\"\" class=\"uag-image-954\" width=\"1024\" height=\"797\" title=\"\" loading=\"lazy\"\/><\/figure><\/div>\n<\/div>\n<\/div>\n\n\n\n<div class=\"wp-block-uagb-container uagb-block-1daaf931 alignfull uagb-is-root-container\">\n<div class=\"wp-block-uagb-container uagb-block-8152559c\"><div class=\"uagb-container__shape uagb-container__shape-top\"><svg xmlns=\"https:\/\/www.w3.org\/2000\/svg\" viewbox=\"0 0 700 10\" preserveaspectratio=\"none\"><path class=\"uagb-container__shape-fill\" d=\"M350,10L340,0h20L350,10z\"><\/path><\/svg><\/div>\n<div class=\"wp-block-uagb-advanced-heading uagb-block-ccb2fd18\"><h3 class=\"uagb-heading-text\">TT marketing<\/h3><\/div>\n\n\n\n<div class=\"wp-block-uagb-buttons uagb-buttons__outer-wrap uagb-btn__default-btn uagb-btn-tablet__default-btn uagb-btn-mobile__small-btn uagb-block-8ffa02eb\"><div class=\"uagb-buttons__wrap uagb-buttons-layout-wrap\">\n<div class=\"wp-block-uagb-buttons-child uagb-buttons__outer-wrap uagb-block-06167074 wp-block-button\"><div class=\"uagb-button__wrapper\"><a class=\"uagb-buttons-repeater wp-block-button__link\" href=\"https:\/\/ttmarketing.ttaskiran.com\" onclick=\"return true;\" rel=\"follow noopener\" target=\"_self\"><div class=\"uagb-button__link\">Go to Store<\/div><span class=\"uagb-button__icon uagb-button__icon-position-after\"><svg xmlns=\"https:\/\/www.w3.org\/2000\/svg\" viewbox=\"0 0 448 512\"><path d=\"M438.6 278.6l-160 160C272.4 444.9 264.2 448 256 448s-16.38-3.125-22.62-9.375c-12.5-12.5-12.5-32.75 0-45.25L338.8 288H32C14.33 288 .0016 273.7 .0016 256S14.33 224 32 224h306.8l-105.4-105.4c-12.5-12.5-12.5-32.75 0-45.25s32.75-12.5 45.25 0l160 160C451.1 245.9 451.1 266.1 438.6 278.6z\"><\/path><\/svg><\/span><\/a><\/div><\/div>\n<\/div><\/div>\n<\/div>\n<\/div>\n\n\n\n<div class=\"wp-block-uagb-container uagb-block-1da32f66 alignfull uagb-is-root-container\"><div class=\"uagb-container-inner-blocks-wrap\">\n<div class=\"wp-block-uagb-advanced-heading uagb-block-2cf1a9fd\"><\/div>\n<\/div><\/div>","protected":false},"excerpt":{"rendered":"<p>\u0130\u015f\u00e7ilik Kalitemizle Fark Yarat\u0131yoruz M\u00fc\u015fteri Memnuniyeti Odakl\u0131 Yakla\u015f\u0131m TT marketing<\/p>","protected":false},"author":1,"featured_media":0,"parent":0,"menu_order":0,"comment_status":"closed","ping_status":"closed","template":"","meta":{"_uag_custom_page_level_css":"","site-sidebar-layout":"no-sidebar","site-content-layout":"default","ast-global-header-display":"","ast-banner-title-visibility":"","ast-main-header-display":"","ast-hfb-above-header-display":"","ast-hfb-below-header-display":"","ast-hfb-mobile-header-display":"","site-post-title":"disabled","ast-breadcrumbs-content":"","ast-featured-img":"disabled","footer-sml-layout":"","theme-transparent-header-meta":"default","adv-header-id-meta":"","stick-header-meta":"","header-above-stick-meta":"","header-main-stick-meta":"","header-below-stick-meta":""},"yoast_head":"<!-- This site is optimized with the Yoast SEO plugin v20.10 - https:\/\/yoast.com\/wordpress\/plugins\/seo\/ -->\n<title>Anasayfa - TT design<\/title>\n<meta name=\"robots\" content=\"index, follow, max-snippet:-1, max-image-preview:large, max-video-preview:-1\" \/>\n<link rel=\"canonical\" href=\"https:\/\/ttaskiran.com\/en\/\" \/>\n<meta property=\"og:locale\" content=\"en_US\" \/>\n<meta property=\"og:type\" content=\"article\" \/>\n<meta property=\"og:title\" content=\"Anasayfa - TT design\" \/>\n<meta property=\"og:description\" content=\"\u0130\u015f\u00e7ilik Kalitemizle Fark Yarat\u0131yoruz M\u00fc\u015fteri Memnuniyeti Odakl\u0131 Yakla\u015f\u0131m TT marketing\" \/>\n<meta property=\"og:url\" content=\"https:\/\/ttaskiran.com\/en\/\" \/>\n<meta property=\"og:site_name\" content=\"TT design\" \/>\n<meta property=\"article:modified_time\" content=\"2025-05-18T11:15:30+00:00\" \/>\n<meta property=\"og:image\" content=\"https:\/\/ttaskiran.com\/wp-content\/uploads\/2023\/07\/resim_2023-07-09_134732660-1024x682.png\" \/>\n<meta name=\"twitter:card\" content=\"summary_large_image\" \/>\n<meta name=\"twitter:label1\" content=\"Est. reading time\" \/>\n\t<meta name=\"twitter:data1\" content=\"2 minutes\" \/>\n<script type=\"application\/ld+json\" class=\"yoast-schema-graph\">{\"@context\":\"https:\/\/schema.org\",\"@graph\":[{\"@type\":\"WebPage\",\"@id\":\"https:\/\/ttaskiran.com\/\",\"url\":\"https:\/\/ttaskiran.com\/\",\"name\":\"Anasayfa - TT design\",\"isPartOf\":{\"@id\":\"https:\/\/ttaskiran.com\/#website\"},\"datePublished\":\"2023-07-30T08:54:13+00:00\",\"dateModified\":\"2025-05-18T11:15:30+00:00\",\"breadcrumb\":{\"@id\":\"https:\/\/ttaskiran.com\/#breadcrumb\"},\"inLanguage\":\"en-US\",\"potentialAction\":[{\"@type\":\"ReadAction\",\"target\":[\"https:\/\/ttaskiran.com\/\"]}]},{\"@type\":\"BreadcrumbList\",\"@id\":\"https:\/\/ttaskiran.com\/#breadcrumb\",\"itemListElement\":[{\"@type\":\"ListItem\",\"position\":1,\"name\":\"Anasayfa\",\"item\":\"https:\/\/ttaskiran.com\/\"},{\"@type\":\"ListItem\",\"position\":2,\"name\":\"Anasayfa\"}]},{\"@type\":\"WebSite\",\"@id\":\"https:\/\/ttaskiran.com\/#website\",\"url\":\"https:\/\/ttaskiran.com\/\",\"name\":\"TT design\",\"description\":\"hayallerin biTTi\u011fi yerde, de\u011fi\u015fim ba\u015flar\u2026\",\"publisher\":{\"@id\":\"https:\/\/ttaskiran.com\/#organization\"},\"potentialAction\":[{\"@type\":\"SearchAction\",\"target\":{\"@type\":\"EntryPoint\",\"urlTemplate\":\"https:\/\/ttaskiran.com\/?s={search_term_string}\"},\"query-input\":\"required name=search_term_string\"}],\"inLanguage\":\"en-US\"},{\"@type\":\"Organization\",\"@id\":\"https:\/\/ttaskiran.com\/#organization\",\"name\":\"TT design\",\"url\":\"https:\/\/ttaskiran.com\/\",\"logo\":{\"@type\":\"ImageObject\",\"inLanguage\":\"en-US\",\"@id\":\"https:\/\/ttaskiran.com\/#\/schema\/logo\/image\/\",\"url\":\"https:\/\/ttaskiran.com\/wp-content\/uploads\/2025\/07\/cropped-WhatsApp-Image-2025-07-27-at-20.44.04_01aee1a1-1.jpg\",\"contentUrl\":\"https:\/\/ttaskiran.com\/wp-content\/uploads\/2025\/07\/cropped-WhatsApp-Image-2025-07-27-at-20.44.04_01aee1a1-1.jpg\",\"width\":629,\"height\":271,\"caption\":\"TT design\"},\"image\":{\"@id\":\"https:\/\/ttaskiran.com\/#\/schema\/logo\/image\/\"}}]}<\/script>\n<!-- \/ Yoast SEO plugin. -->","yoast_head_json":{"title":"Anasayfa - TT design","robots":{"index":"index","follow":"follow","max-snippet":"max-snippet:-1","max-image-preview":"max-image-preview:large","max-video-preview":"max-video-preview:-1"},"canonical":"https:\/\/ttaskiran.com\/en\/","og_locale":"en_US","og_type":"article","og_title":"Anasayfa - TT design","og_description":"\u0130\u015f\u00e7ilik Kalitemizle Fark Yarat\u0131yoruz M\u00fc\u015fteri Memnuniyeti Odakl\u0131 Yakla\u015f\u0131m TT marketing","og_url":"https:\/\/ttaskiran.com\/en\/","og_site_name":"TT design","article_modified_time":"2025-05-18T11:15:30+00:00","og_image":[{"url":"https:\/\/ttaskiran.com\/wp-content\/uploads\/2023\/07\/resim_2023-07-09_134732660-1024x682.png"}],"twitter_card":"summary_large_image","twitter_misc":{"Est. reading time":"2 minutes"},"schema":{"@context":"https:\/\/schema.org","@graph":[{"@type":"WebPage","@id":"https:\/\/ttaskiran.com\/","url":"https:\/\/ttaskiran.com\/","name":"Anasayfa - TT design","isPartOf":{"@id":"https:\/\/ttaskiran.com\/#website"},"datePublished":"2023-07-30T08:54:13+00:00","dateModified":"2025-05-18T11:15:30+00:00","breadcrumb":{"@id":"https:\/\/ttaskiran.com\/#breadcrumb"},"inLanguage":"en-US","potentialAction":[{"@type":"ReadAction","target":["https:\/\/ttaskiran.com\/"]}]},{"@type":"BreadcrumbList","@id":"https:\/\/ttaskiran.com\/#breadcrumb","itemListElement":[{"@type":"ListItem","position":1,"name":"Anasayfa","item":"https:\/\/ttaskiran.com\/"},{"@type":"ListItem","position":2,"name":"Anasayfa"}]},{"@type":"WebSite","@id":"https:\/\/ttaskiran.com\/#website","url":"https:\/\/ttaskiran.com\/","name":"TT design","description":"hayallerin biTTi\u011fi yerde, de\u011fi\u015fim ba\u015flar\u2026","publisher":{"@id":"https:\/\/ttaskiran.com\/#organization"},"potentialAction":[{"@type":"SearchAction","target":{"@type":"EntryPoint","urlTemplate":"https:\/\/ttaskiran.com\/?s={search_term_string}"},"query-input":"required name=search_term_string"}],"inLanguage":"en-US"},{"@type":"Organization","@id":"https:\/\/ttaskiran.com\/#organization","name":"TT design","url":"https:\/\/ttaskiran.com\/","logo":{"@type":"ImageObject","inLanguage":"en-US","@id":"https:\/\/ttaskiran.com\/#\/schema\/logo\/image\/","url":"https:\/\/ttaskiran.com\/wp-content\/uploads\/2025\/07\/cropped-WhatsApp-Image-2025-07-27-at-20.44.04_01aee1a1-1.jpg","contentUrl":"https:\/\/ttaskiran.com\/wp-content\/uploads\/2025\/07\/cropped-WhatsApp-Image-2025-07-27-at-20.44.04_01aee1a1-1.jpg","width":629,"height":271,"caption":"TT design"},"image":{"@id":"https:\/\/ttaskiran.com\/#\/schema\/logo\/image\/"}}]}},"uagb_featured_image_src":{"full":false,"thumbnail":false,"medium":false,"medium_large":false,"large":false,"1536x1536":false,"2048x2048":false,"trp-custom-language-flag":false},"uagb_author_info":{"display_name":"atytmr07","author_link":"https:\/\/ttaskiran.com\/en\/author\/atytmr07\/"},"uagb_comment_info":0,"uagb_excerpt":"\u0130\u015f\u00e7ilik Kalitemizle Fark Yarat\u0131yoruz M\u00fc\u015fteri Memnuniyeti Odakl\u0131 Yakla\u015f\u0131m TT marketing","_links":{"self":[{"href":"https:\/\/ttaskiran.com\/en\/wp-json\/wp\/v2\/pages\/69"}],"collection":[{"href":"https:\/\/ttaskiran.com\/en\/wp-json\/wp\/v2\/pages"}],"about":[{"href":"https:\/\/ttaskiran.com\/en\/wp-json\/wp\/v2\/types\/page"}],"author":[{"embeddable":true,"href":"https:\/\/ttaskiran.com\/en\/wp-json\/wp\/v2\/users\/1"}],"replies":[{"embeddable":true,"href":"https:\/\/ttaskiran.com\/en\/wp-json\/wp\/v2\/comments?post=69"}],"version-history":[{"count":242,"href":"https:\/\/ttaskiran.com\/en\/wp-json\/wp\/v2\/pages\/69\/revisions"}],"predecessor-version":[{"id":1676,"href":"https:\/\/ttaskiran.com\/en\/wp-json\/wp\/v2\/pages\/69\/revisions\/1676"}],"wp:attachment":[{"href":"https:\/\/ttaskiran.com\/en\/wp-json\/wp\/v2\/media?parent=69"}],"curies":[{"name":"wp","href":"https:\/\/api.w.org\/{rel}","templated":true}]}}