{"id":76,"date":"2023-07-27T13:51:49","date_gmt":"2023-07-27T13:51:49","guid":{"rendered":"https:\/\/ttaskiran.com\/contact\/"},"modified":"2025-05-13T18:31:17","modified_gmt":"2025-05-13T18:31:17","slug":"iletisim","status":"publish","type":"page","link":"https:\/\/ttaskiran.com\/en\/iletisim\/","title":{"rendered":"Communication"},"content":{"rendered":"<div class=\"wp-block-uagb-container uagb-block-610378d2 alignfull uagb-is-root-container\"><div class=\"uagb-container-inner-blocks-wrap\">\n<div class=\"wp-block-uagb-advanced-heading uagb-block-e60accdc\"><h2 class=\"uagb-heading-text\">Contact Form <\/h2><\/div>\n\n\n\n<div class=\"wp-block-uagb-container uagb-block-4cd92ec2\"><div class=\"wpforms-container wpforms-block wpforms-block-ddeaf285-aabf-429f-a34f-e8e3470e26ca\" id=\"wpforms-659\"><form id=\"wpforms-form-659\" class=\"wpforms-validate wpforms-form wpforms-ajax-form\" data-formid=\"659\" method=\"post\" enctype=\"multipart\/form-data\" action=\"\/en\/wp-json\/wp\/v2\/pages\/76\" data-token=\"b4234ce65c8b9926a412a9d4576f7c9f\" data-trp-original-action=\"\/en\/wp-json\/wp\/v2\/pages\/76\"><noscript class=\"wpforms-error-noscript\">Please enable JavaScript in your browser to complete this form.<\/noscript><div class=\"wpforms-field-container\"><div id=\"wpforms-659-field_0-container\" class=\"wpforms-field wpforms-field-name\" data-field-id=\"0\"><div class=\"wpforms-field-row wpforms-field-medium\"><div class=\"wpforms-field-row-block wpforms-first wpforms-one-half\"><input type=\"text\" id=\"wpforms-659-field_0\" class=\"wpforms-field-name-first wpforms-field-required\" name=\"wpforms[fields][0][first]\" placeholder=\"Name\" required><label for=\"wpforms-659-field_0\" class=\"wpforms-field-sublabel after wpforms-sublabel-hide\">First<\/label><\/div><div class=\"wpforms-field-row-block wpforms-one-half\"><input type=\"text\" id=\"wpforms-659-field_0-last\" class=\"wpforms-field-name-last wpforms-field-required\" name=\"wpforms[fields][0][last]\" placeholder=\"Surname\" required><label for=\"wpforms-659-field_0-last\" class=\"wpforms-field-sublabel after wpforms-sublabel-hide\">Last<\/label><\/div><\/div><\/div><div id=\"wpforms-659-field_1-container\" class=\"wpforms-field wpforms-field-email\" data-field-id=\"1\"><label class=\"wpforms-field-label\" for=\"wpforms-659-field_1\">Email <span class=\"wpforms-required-label\">*<\/span><\/label><input type=\"email\" id=\"wpforms-659-field_1\" class=\"wpforms-field-medium wpforms-field-required\" name=\"wpforms[fields][1]\" spellcheck=\"false\" required><\/div><div id=\"wpforms-659-field_2-container\" class=\"wpforms-field wpforms-field-textarea\" data-field-id=\"2\"><label class=\"wpforms-field-label\" for=\"wpforms-659-field_2\">Your Message <span class=\"wpforms-required-label\">*<\/span><\/label><textarea id=\"wpforms-659-field_2\" class=\"wpforms-field-medium wpforms-field-required\" name=\"wpforms[fields][2]\" required><\/textarea><\/div><\/div><!-- .wpforms-field-container --><div class=\"wpforms-submit-container\" ><input type=\"hidden\" name=\"wpforms[id]\" value=\"659\"><input type=\"hidden\" name=\"wpforms[author]\" value=\"1\"><button type=\"submit\" name=\"wpforms[submit]\" id=\"wpforms-submit-659\" class=\"wpforms-submit\" data-alt-text=\"G\u00f6nderiliyor...\" data-submit-text=\"G\u00f6nder\" aria-live=\"assertive\" value=\"wpforms-submit\">Send<\/button><img decoding=\"async\" loading=\"lazy\" src=\"https:\/\/ttaskiran.com\/wp-content\/plugins\/wpforms-lite\/assets\/images\/submit-spin.svg\" class=\"wpforms-submit-spinner\" style=\"display: none;\" width=\"26\" height=\"26\" alt=\"Loading\"><\/div><input type=\"hidden\" name=\"trp-form-language\" value=\"en\"\/><\/form><\/div>  <!-- .wpforms-container --><\/div>\n<\/div><\/div>\n\n\n\n<div class=\"wp-block-uagb-container uagb-block-0a14766b alignfull uagb-is-root-container\"><div class=\"uagb-container-inner-blocks-wrap\"><\/div><\/div>\n\n\n\n<div class=\"wp-block-uagb-container uagb-block-40278502 alignfull uagb-is-root-container\"><div class=\"uagb-container-inner-blocks-wrap\">\n<div class=\"wp-block-uagb-advanced-heading uagb-block-e133aa58\"><h2 class=\"uagb-heading-text\">Contact Details<\/h2><\/div>\n\n\n\n<div class=\"wp-block-uagb-container uagb-block-d8262f9b\">\n<div class=\"wp-block-uagb-image alignright uagb-block-7fb37be0 wp-block-uagb-image--layout-default wp-block-uagb-image--effect-static wp-block-uagb-image--align-right uag-hide-mob\"><figure class=\"wp-block-uagb-image__figure\"><img decoding=\"async\" srcset=\"https:\/\/ttaskiran.com\/wp-content\/uploads\/2023\/07\/resim_2023-07-09_134946083.png ,https:\/\/ttaskiran.com\/wp-content\/uploads\/2023\/07\/resim_2023-07-09_134946083.png 780w, https:\/\/ttaskiran.com\/wp-content\/uploads\/2023\/07\/resim_2023-07-09_134946083.png 360w\" sizes=\"(max-width: 480px) 150px\" src=\"https:\/\/ttaskiran.com\/wp-content\/uploads\/2023\/07\/resim_2023-07-09_134946083.png\" alt=\"\" class=\"uag-image-949\" width=\"1328\" height=\"886\" title=\"\" loading=\"lazy\"\/><\/figure><\/div>\n<\/div>\n<\/div><\/div>\n\n\n\n<div class=\"wp-block-uagb-container uagb-block-6605b222 alignfull uagb-is-root-container\"><div class=\"uagb-container-inner-blocks-wrap\">\n<div class=\"wp-block-uagb-container uagb-block-2005e7ce\">\n<div class=\"wp-block-uagb-container uagb-block-221fe11d\">\n<div class=\"wp-block-uagb-info-box uagb-block-0d101461 uagb-infobox__content-wrap  uagb-infobox-icon-above-title uagb-infobox-image-valign-top\"><div class=\"uagb-ifb-content\"><div class=\"uagb-ifb-icon-wrap\"><div class=\"uagb-iconbox-icon-wrap uagb-infobox-shape-circle\"><svg xmlns=\"https:\/\/www.w3.org\/2000\/svg\" viewbox=\"0 0 384 512\"><path d=\"M168.3 499.2C116.1 435 0 279.4 0 192C0 85.96 85.96 0 192 0C298 0 384 85.96 384 192C384 279.4 267 435 215.7 499.2C203.4 514.5 180.6 514.5 168.3 499.2H168.3zM192 256C227.3 256 256 227.3 256 192C256 156.7 227.3 128 192 128C156.7 128 128 156.7 128 192C128 227.3 156.7 256 192 256z\"><\/path><\/svg><\/div><\/div><div class=\"uagb-ifb-title-wrap\"><h4 class=\"uagb-ifb-title\">Varl\u0131k Mh. H\u0131z\u0131r Reis Cad. No:29\/3 Muratpa\u015fa\/ANTALYA<\/h4><\/div><\/div><\/div>\n<\/div>\n\n\n\n<div class=\"wp-block-uagb-container uagb-block-df76834a\">\n<div class=\"wp-block-uagb-info-box uagb-block-431e96e1 uagb-infobox__content-wrap  uagb-infobox-icon-above-title uagb-infobox-image-valign-top\"><div class=\"uagb-ifb-content\"><div class=\"uagb-ifb-icon-wrap\"><div class=\"uagb-iconbox-icon-wrap uagb-infobox-shape-circle\"><svg xmlns=\"https:\/\/www.w3.org\/2000\/svg\" viewbox=\"0 0 512 512\"><path d=\"M464 64C490.5 64 512 85.49 512 112C512 127.1 504.9 141.3 492.8 150.4L275.2 313.6C263.8 322.1 248.2 322.1 236.8 313.6L19.2 150.4C7.113 141.3 0 127.1 0 112C0 85.49 21.49 64 48 64H464zM217.6 339.2C240.4 356.3 271.6 356.3 294.4 339.2L512 176V384C512 419.3 483.3 448 448 448H64C28.65 448 0 419.3 0 384V176L217.6 339.2z\"><\/path><\/svg><\/div><\/div><div class=\"uagb-ifb-title-wrap\"><h4 class=\"uagb-ifb-title\">info@ttaskiran.com<\/h4><\/div><\/div><\/div>\n<\/div>\n\n\n\n<div class=\"wp-block-uagb-container uagb-block-1207bc2d\">\n<div class=\"wp-block-uagb-info-box uagb-block-85bfce13 uagb-infobox__content-wrap  uagb-infobox-icon-above-title uagb-infobox-image-valign-top\"><div class=\"uagb-ifb-content\"><div class=\"uagb-ifb-icon-wrap\"><div class=\"uagb-iconbox-icon-wrap uagb-infobox-shape-circle\"><svg xmlns=\"https:\/\/www.w3.org\/2000\/svg\" viewbox=\"0 0 512 512\"><path d=\"M18.92 351.2l108.5-46.52c12.78-5.531 27.77-1.801 36.45 8.98l44.09 53.82c69.25-34 125.5-90.31 159.5-159.5l-53.81-44.04c-10.75-8.781-14.41-23.69-8.974-36.47l46.51-108.5c6.094-13.91 21.1-21.52 35.79-18.11l100.8 23.25c14.25 3.25 24.22 15.8 24.22 30.46c0 252.3-205.2 457.5-457.5 457.5c-14.67 0-27.18-9.968-30.45-24.22l-23.25-100.8C-2.571 372.4 5.018 357.2 18.92 351.2z\"><\/path><\/svg><\/div><\/div><div class=\"uagb-ifb-title-wrap\"><h4 class=\"uagb-ifb-title\">+90 530 38 444 82<\/h4><\/div><\/div><\/div>\n<\/div>\n<\/div>\n<\/div><\/div>\n\n\n\n<div class=\"wp-block-uagb-container uagb-block-b21e4e6e alignfull uagb-is-root-container\">\t\t\t<div data-aos= \"fade-down\" data-aos-duration=\"400\" data-aos-delay=\"0\" data-aos-easing=\"ease\" data-aos-once=\"true\" \n\t\t\tclass=\"wp-block-uagb-google-map uagb-google-map__wrap uagb-block-bf5502ce\"\n\t\t\tstyle=\"\" >\n\t\t\t\t<iframe\n\t\t\t\t\tclass=\"uagb-google-map__iframe\"\n\t\t\t\t\ttitle=\"Google Map for \"\n\t\t\t\t\tsrc=\"https:\/\/maps.google.com\/maps?q=Varl%C4%B1k%20Mh.%20H%C4%B1z%C4%B1r%20Reis%20Cad.%20No%3A29%2F3%20Muratpa%C5%9Fa%2FANTALYA&#038;z=15&#038;hl=tr&#038;t=m&#038;output=embed&#038;iwloc=near\"\n\t\t\t\t\twidth=\"640\"\n\t\t\t\t\theight=\"422\"\n\t\t\t\t\tloading=\"lazy\"\n\t\t\t\t><\/iframe>\n\t\t\t<\/div>\n\t\t\t<\/div>","protected":false},"excerpt":{"rendered":"<p>\u0130leti\u015fim Formu \u0130leti\u015fim Detaylar\u0131<\/p>","protected":false},"author":1,"featured_media":0,"parent":0,"menu_order":0,"comment_status":"closed","ping_status":"closed","template":"","meta":{"_uag_custom_page_level_css":"","site-sidebar-layout":"no-sidebar","site-content-layout":"page-builder","ast-global-header-display":"","ast-banner-title-visibility":"","ast-main-header-display":"","ast-hfb-above-header-display":"","ast-hfb-below-header-display":"","ast-hfb-mobile-header-display":"","site-post-title":"disabled","ast-breadcrumbs-content":"","ast-featured-img":"disabled","footer-sml-layout":"","theme-transparent-header-meta":"","adv-header-id-meta":"","stick-header-meta":"","header-above-stick-meta":"","header-main-stick-meta":"","header-below-stick-meta":""},"yoast_head":"<!-- This site is optimized with the Yoast SEO plugin v20.10 - https:\/\/yoast.com\/wordpress\/plugins\/seo\/ -->\n<title>\u0130leti\u015fim - TT design<\/title>\n<meta name=\"robots\" content=\"index, follow, max-snippet:-1, max-image-preview:large, max-video-preview:-1\" \/>\n<link rel=\"canonical\" href=\"https:\/\/ttaskiran.com\/en\/iletisim\/\" \/>\n<meta property=\"og:locale\" content=\"en_US\" \/>\n<meta property=\"og:type\" content=\"article\" \/>\n<meta property=\"og:title\" content=\"\u0130leti\u015fim - TT design\" \/>\n<meta property=\"og:description\" content=\"\u0130leti\u015fim Formu \u0130leti\u015fim Detaylar\u0131\" \/>\n<meta property=\"og:url\" content=\"https:\/\/ttaskiran.com\/en\/iletisim\/\" \/>\n<meta property=\"og:site_name\" content=\"TT design\" \/>\n<meta property=\"article:modified_time\" content=\"2025-05-13T18:31:17+00:00\" \/>\n<meta property=\"og:image\" content=\"https:\/\/ttaskiran.com\/wp-content\/uploads\/2023\/07\/resim_2023-07-09_134946083.png\" \/>\n<meta name=\"twitter:card\" content=\"summary_large_image\" \/>\n<meta name=\"twitter:label1\" content=\"Est. reading time\" \/>\n\t<meta name=\"twitter:data1\" content=\"1 minute\" \/>\n<script type=\"application\/ld+json\" class=\"yoast-schema-graph\">{\"@context\":\"https:\/\/schema.org\",\"@graph\":[{\"@type\":\"WebPage\",\"@id\":\"https:\/\/ttaskiran.com\/iletisim\/\",\"url\":\"https:\/\/ttaskiran.com\/iletisim\/\",\"name\":\"\u0130leti\u015fim - TT design\",\"isPartOf\":{\"@id\":\"https:\/\/ttaskiran.com\/#website\"},\"datePublished\":\"2023-07-27T13:51:49+00:00\",\"dateModified\":\"2025-05-13T18:31:17+00:00\",\"breadcrumb\":{\"@id\":\"https:\/\/ttaskiran.com\/iletisim\/#breadcrumb\"},\"inLanguage\":\"en-US\",\"potentialAction\":[{\"@type\":\"ReadAction\",\"target\":[\"https:\/\/ttaskiran.com\/iletisim\/\"]}]},{\"@type\":\"BreadcrumbList\",\"@id\":\"https:\/\/ttaskiran.com\/iletisim\/#breadcrumb\",\"itemListElement\":[{\"@type\":\"ListItem\",\"position\":1,\"name\":\"Anasayfa\",\"item\":\"https:\/\/ttaskiran.com\/\"},{\"@type\":\"ListItem\",\"position\":2,\"name\":\"\u0130leti\u015fim\"}]},{\"@type\":\"WebSite\",\"@id\":\"https:\/\/ttaskiran.com\/#website\",\"url\":\"https:\/\/ttaskiran.com\/\",\"name\":\"TT design\",\"description\":\"hayallerin biTTi\u011fi yerde, de\u011fi\u015fim ba\u015flar\u2026\",\"publisher\":{\"@id\":\"https:\/\/ttaskiran.com\/#organization\"},\"potentialAction\":[{\"@type\":\"SearchAction\",\"target\":{\"@type\":\"EntryPoint\",\"urlTemplate\":\"https:\/\/ttaskiran.com\/?s={search_term_string}\"},\"query-input\":\"required name=search_term_string\"}],\"inLanguage\":\"en-US\"},{\"@type\":\"Organization\",\"@id\":\"https:\/\/ttaskiran.com\/#organization\",\"name\":\"TT design\",\"url\":\"https:\/\/ttaskiran.com\/\",\"logo\":{\"@type\":\"ImageObject\",\"inLanguage\":\"en-US\",\"@id\":\"https:\/\/ttaskiran.com\/#\/schema\/logo\/image\/\",\"url\":\"https:\/\/ttaskiran.com\/wp-content\/uploads\/2025\/07\/cropped-WhatsApp-Image-2025-07-27-at-20.44.04_01aee1a1-1.jpg\",\"contentUrl\":\"https:\/\/ttaskiran.com\/wp-content\/uploads\/2025\/07\/cropped-WhatsApp-Image-2025-07-27-at-20.44.04_01aee1a1-1.jpg\",\"width\":629,\"height\":271,\"caption\":\"TT design\"},\"image\":{\"@id\":\"https:\/\/ttaskiran.com\/#\/schema\/logo\/image\/\"}}]}<\/script>\n<!-- \/ Yoast SEO plugin. -->","yoast_head_json":{"title":"\u0130leti\u015fim - TT design","robots":{"index":"index","follow":"follow","max-snippet":"max-snippet:-1","max-image-preview":"max-image-preview:large","max-video-preview":"max-video-preview:-1"},"canonical":"https:\/\/ttaskiran.com\/en\/iletisim\/","og_locale":"en_US","og_type":"article","og_title":"\u0130leti\u015fim - TT design","og_description":"\u0130leti\u015fim Formu \u0130leti\u015fim Detaylar\u0131","og_url":"https:\/\/ttaskiran.com\/en\/iletisim\/","og_site_name":"TT design","article_modified_time":"2025-05-13T18:31:17+00:00","og_image":[{"url":"https:\/\/ttaskiran.com\/wp-content\/uploads\/2023\/07\/resim_2023-07-09_134946083.png"}],"twitter_card":"summary_large_image","twitter_misc":{"Est. reading time":"1 minute"},"schema":{"@context":"https:\/\/schema.org","@graph":[{"@type":"WebPage","@id":"https:\/\/ttaskiran.com\/iletisim\/","url":"https:\/\/ttaskiran.com\/iletisim\/","name":"\u0130leti\u015fim - TT design","isPartOf":{"@id":"https:\/\/ttaskiran.com\/#website"},"datePublished":"2023-07-27T13:51:49+00:00","dateModified":"2025-05-13T18:31:17+00:00","breadcrumb":{"@id":"https:\/\/ttaskiran.com\/iletisim\/#breadcrumb"},"inLanguage":"en-US","potentialAction":[{"@type":"ReadAction","target":["https:\/\/ttaskiran.com\/iletisim\/"]}]},{"@type":"BreadcrumbList","@id":"https:\/\/ttaskiran.com\/iletisim\/#breadcrumb","itemListElement":[{"@type":"ListItem","position":1,"name":"Anasayfa","item":"https:\/\/ttaskiran.com\/"},{"@type":"ListItem","position":2,"name":"\u0130leti\u015fim"}]},{"@type":"WebSite","@id":"https:\/\/ttaskiran.com\/#website","url":"https:\/\/ttaskiran.com\/","name":"TT design","description":"hayallerin biTTi\u011fi yerde, de\u011fi\u015fim ba\u015flar\u2026","publisher":{"@id":"https:\/\/ttaskiran.com\/#organization"},"potentialAction":[{"@type":"SearchAction","target":{"@type":"EntryPoint","urlTemplate":"https:\/\/ttaskiran.com\/?s={search_term_string}"},"query-input":"required name=search_term_string"}],"inLanguage":"en-US"},{"@type":"Organization","@id":"https:\/\/ttaskiran.com\/#organization","name":"TT design","url":"https:\/\/ttaskiran.com\/","logo":{"@type":"ImageObject","inLanguage":"en-US","@id":"https:\/\/ttaskiran.com\/#\/schema\/logo\/image\/","url":"https:\/\/ttaskiran.com\/wp-content\/uploads\/2025\/07\/cropped-WhatsApp-Image-2025-07-27-at-20.44.04_01aee1a1-1.jpg","contentUrl":"https:\/\/ttaskiran.com\/wp-content\/uploads\/2025\/07\/cropped-WhatsApp-Image-2025-07-27-at-20.44.04_01aee1a1-1.jpg","width":629,"height":271,"caption":"TT design"},"image":{"@id":"https:\/\/ttaskiran.com\/#\/schema\/logo\/image\/"}}]}},"uagb_featured_image_src":{"full":false,"thumbnail":false,"medium":false,"medium_large":false,"large":false,"1536x1536":false,"2048x2048":false,"trp-custom-language-flag":false},"uagb_author_info":{"display_name":"atytmr07","author_link":"https:\/\/ttaskiran.com\/en\/author\/atytmr07\/"},"uagb_comment_info":0,"uagb_excerpt":"\u0130leti\u015fim Formu \u0130leti\u015fim Detaylar\u0131","_links":{"self":[{"href":"https:\/\/ttaskiran.com\/en\/wp-json\/wp\/v2\/pages\/76"}],"collection":[{"href":"https:\/\/ttaskiran.com\/en\/wp-json\/wp\/v2\/pages"}],"about":[{"href":"https:\/\/ttaskiran.com\/en\/wp-json\/wp\/v2\/types\/page"}],"author":[{"embeddable":true,"href":"https:\/\/ttaskiran.com\/en\/wp-json\/wp\/v2\/users\/1"}],"replies":[{"embeddable":true,"href":"https:\/\/ttaskiran.com\/en\/wp-json\/wp\/v2\/comments?post=76"}],"version-history":[{"count":39,"href":"https:\/\/ttaskiran.com\/en\/wp-json\/wp\/v2\/pages\/76\/revisions"}],"predecessor-version":[{"id":1536,"href":"https:\/\/ttaskiran.com\/en\/wp-json\/wp\/v2\/pages\/76\/revisions\/1536"}],"wp:attachment":[{"href":"https:\/\/ttaskiran.com\/en\/wp-json\/wp\/v2\/media?parent=76"}],"curies":[{"name":"wp","href":"https:\/\/api.w.org\/{rel}","templated":true}]}}